{"id":1267,"date":"2020-08-12T19:12:15","date_gmt":"2020-08-12T19:12:15","guid":{"rendered":"http:\/\/moonrecords.org\/tpress\/?page_id=1267"},"modified":"2020-09-05T16:13:27","modified_gmt":"2020-09-05T16:13:27","slug":"ueber-mich","status":"publish","type":"page","link":"https:\/\/tschernuth.com\/de\/ueber-mich\/","title":{"rendered":"\u00dcber mich"},"content":{"rendered":"<p>[vc_row css_animation=&#8221;&#8221; row_type=&#8221;row&#8221; use_row_as_full_screen_section=&#8221;no&#8221; type=&#8221;full_width&#8221; angled_section=&#8221;no&#8221; text_align=&#8221;left&#8221; background_image_as_pattern=&#8221;without_pattern&#8221; z_index=&#8221;&#8221;][vc_column][qode_elements_holder number_of_columns=&#8221;one_column&#8221; alignment_one_column=&#8221;center&#8221;][qode_elements_holder_item vertical_alignment=&#8221;top&#8221; horizontal_alignment=&#8221;center&#8221; advanced_animations=&#8221;no&#8221; item_padding=&#8221;0px 0px 80px 0px&#8221; item_padding_1280_1440=&#8221;0px 0px 80px 0px&#8221; item_padding_1024_1280=&#8221;0px 0px 80px 0px&#8221; item_padding_768_1024=&#8221;0px 0px 50px 0px&#8221; item_padding_600_768=&#8221;0px 0px 40px 0px&#8221; item_padding_480_600=&#8221;0px 0px 30px 0px&#8221; item_padding_480=&#8221;0px 0px 30px 0px&#8221;][vc_column_text]<\/p>\n<h1 style=\"text-align: center;\">\u00dcber mich<\/h1>\n<p>[\/vc_column_text][\/qode_elements_holder_item][\/qode_elements_holder][\/vc_column][\/vc_row][vc_row css_animation=&#8221;&#8221; row_type=&#8221;row&#8221; use_row_as_full_screen_section=&#8221;no&#8221; type=&#8221;full_width&#8221; angled_section=&#8221;no&#8221; text_align=&#8221;left&#8221; background_image_as_pattern=&#8221;without_pattern&#8221; el_class=&#8221;custom_reverse_order&#8221; z_index=&#8221;&#8221;][vc_column][qode_elements_holder number_of_columns=&#8221;two_columns&#8221; switch_to_one_column=&#8221;1000&#8243;][qode_elements_holder_item vertical_alignment=&#8221;middle&#8221; advanced_animations=&#8221;no&#8221; item_padding=&#8221;0px 20px 0px 0px&#8221; item_padding_1280_1440=&#8221;0px 20px 0px 0px&#8221; item_padding_1024_1280=&#8221;0px 20px 0px 0px&#8221; item_padding_768_1024=&#8221;0px 0px 0px 0px&#8221; item_padding_600_768=&#8221;0px 0px 0px 0px&#8221; item_padding_480_600=&#8221;0px 0px 0px 0px&#8221; item_padding_480=&#8221;0px 0px 0px 0px&#8221; custom_class=&#8221;mypadding_right&#8221;][vc_column_text]Ich bin Raphael <span class=\"hiddenSpellError\">Tschernuth<\/span>, Komponist und Musikproduzent aus Berlin.<br \/>\nIch schreibe Musik f\u00fcr Filme und Theaterst\u00fccke und produziere Songs mit Bands und Singer-Songwritern.<\/p>\n<p>Geschichten mit meiner Musik zu erz\u00e4hlen ist meine Leidenschaft, mein abgeschlossenes Schauspielstudium ist dabei sehr hilfreich, um gemeinsam mit einem Regisseur die Musik f\u00fcr einen Film oder ein Theaterst\u00fcck zu erarbeite. Ich produziere und mische Alben f\u00fcr Bands, Labels und Singer-Songwriters und habe als Musiker hunderte Live-Konzerte in Europa und den USA gespielt. Da mich das Thema <span class=\"hiddenSpellError\">Recording<\/span> seit jeher fasziniert, schreibe ich auch Testberichte \u00fcber <span class=\"hiddenSpellError\">Studioequipment<\/span> f\u00fcr verschiedene Musikmagazine wie <a href=\"https:\/\/www.professional-audio.de\/\">Professional Audio<\/a> oder <a href=\"https:\/\/www.amazona.de\/archiv\/?search=&amp;user=131199&amp;archive=0&amp;date=&amp;rating=&amp;sort=date+DESC\" target=\"_blank\" rel=\"noopener noreferrer\"><span class=\"hiddenSpellError\">Amazona.de<\/span><\/a>.<\/p>\n<p>Falls du Musik f\u00fcr ein Projekt ben\u00f6tigst oder einen Produzenten f\u00fcr deine Musik suchst, schreib mir einfach:[\/vc_column_text]<a  itemprop=\"url\" href=\"mailto:hello@tschernuth.com\" target=\"_blank\"  class=\"qbutton  medium left default about_button\" style=\"margin: 20px 0px 0px 0px; border-radius: 0px;-moz-border-radius: 0px;-webkit-border-radius: 0px; \">E-Mail senden<\/a>[\/qode_elements_holder_item][qode_elements_holder_item vertical_alignment=&#8221;top&#8221; horizontal_alignment=&#8221;left&#8221; advanced_animations=&#8221;no&#8221; item_padding=&#8221;0px 0px 30px 0px&#8221;][vc_single_image image=&#8221;5276&#8243; img_size=&#8221;full&#8221; qode_css_animation=&#8221;&#8221;][\/qode_elements_holder_item][\/qode_elements_holder][\/vc_column][\/vc_row][vc_row css_animation=&#8221;&#8221; row_type=&#8221;row&#8221; use_row_as_full_screen_section=&#8221;no&#8221; type=&#8221;full_width&#8221; angled_section=&#8221;no&#8221; text_align=&#8221;left&#8221; background_image_as_pattern=&#8221;without_pattern&#8221;][vc_column][vc_empty_space height=&#8221;50px&#8221;][\/vc_column][\/vc_row][vc_row css_animation=&#8221;&#8221; row_type=&#8221;row&#8221; use_row_as_full_screen_section=&#8221;no&#8221; type=&#8221;grid&#8221; angled_section=&#8221;no&#8221; text_align=&#8221;center&#8221; background_image_as_pattern=&#8221;without_pattern&#8221; z_index=&#8221;&#8221;][vc_column css=&#8221;.vc_custom_1551973304285{padding-bottom: 50px !important;}&#8221;]<a  itemprop=\"url\" href=\"\" target=\"_self\" data-hover-background-color='#ffffff' data-hover-border-color='#666666' data-hover-color='#000000' class=\"qbutton  big_large center default mybuttonborder\" style=\"color: #000000; border-color: #666666; font-style: normal; font-weight: 500; text-transform: uppercase; font-size: 20px; letter-spacing: 1px; border-radius: 0px;-moz-border-radius: 0px;-webkit-border-radius: 0px; background-color: #ffffff;\">Was ich biete<\/a>[\/vc_column][\/vc_row][vc_row css_animation=&#8221;&#8221; row_type=&#8221;row&#8221; use_row_as_full_screen_section=&#8221;no&#8221; type=&#8221;full_width&#8221; angled_section=&#8221;no&#8221; text_align=&#8221;left&#8221; background_image_as_pattern=&#8221;without_pattern&#8221; z_index=&#8221;&#8221; css=&#8221;.vc_custom_1551972884381{margin-right: -25px !important;margin-left: -25px !important;}&#8221;][vc_column css=&#8221;.vc_custom_1549635752072{padding-right: 20px !important;padding-left: 20px !important;}&#8221;][qode_elements_holder number_of_columns=&#8221;two_columns&#8221; switch_to_one_column=&#8221;768&#8243;][qode_elements_holder_item vertical_alignment=&#8221;top&#8221; horizontal_alignment=&#8221;left&#8221; advanced_animations=&#8221;no&#8221; background_color=&#8221;#7fa39d&#8221; item_padding=&#8221;40px 40px 40px 40px&#8221;][vc_column_text css=&#8221;.vc_custom_1529328384822{padding-bottom: 20px !important;}&#8221;]<\/p>\n<p style=\"text-align: center;\"><img decoding=\"async\" loading=\"lazy\" class=\"size-full wp-image-2371 aligncenter\" src=\"https:\/\/tschernuth.com\/de\/wp-content\/uploads\/2013\/02\/composition.png\" alt=\"composition\" width=\"50\" height=\"50\" \/><\/p>\n<p>[\/vc_column_text][vc_column_text css=&#8221;.vc_custom_1554360500346{padding-bottom: 30px !important;}&#8221;]<\/p>\n<h2 style=\"text-align: center;\">KOMPOSITION<\/h2>\n<p>[\/vc_column_text][vc_column_text]<span style=\"text-align: center; color: #000000;\">Ich komponiere in vielen Genres: von minimalistischen Songs zum vollen Band-Arrangement wie auch epische Filmmusik mit Orchester. Ich spiele Gitarre, Bass, Piano, Synthesizer, Schlagzeug und alle Instrumente sind im Studio einsatzbereit um schnell Ideen zu entwickeln. F\u00fcr kurzfristige Anfragen biete ich \u00fcber 300 Eigenkompositionen mit <span class=\"hiddenGrammarError\">&#8220;<\/span><span class=\"hiddenSpellError\">One<\/span> <span class=\"hiddenSpellError\">Stop<\/span><span class=\"hiddenGrammarError\">&#8220;<\/span> Rechtekl\u00e4rung.<\/span>[\/vc_column_text][\/qode_elements_holder_item][qode_elements_holder_item vertical_alignment=&#8221;top&#8221; horizontal_alignment=&#8221;left&#8221; advanced_animations=&#8221;no&#8221; background_color=&#8221;#aabfbc&#8221; item_padding=&#8221;40px 40px 40px 40px&#8221;][vc_column_text css=&#8221;.vc_custom_1529328533697{padding-bottom: 20px !important;}&#8221;]<\/p>\n<p style=\"text-align: center;\"><img decoding=\"async\" loading=\"lazy\" class=\"aligncenter size-full wp-image-2372\" src=\"https:\/\/tschernuth.com\/de\/wp-content\/uploads\/2013\/02\/conception.png\" alt=\"conception\" width=\"50\" height=\"50\" \/><\/p>\n<p>[\/vc_column_text][vc_column_text css=&#8221;.vc_custom_1554360558435{padding-bottom: 30px !important;}&#8221;]<\/p>\n<h2 style=\"text-align: center;\">PRODUKTION<\/h2>\n<p>[\/vc_column_text][vc_column_text]<span style=\"text-align: center; color: #000000;\">Ich organisiere die Aufnahme-Sessions (eventuell mit Studiomusikern) und arbeite zusammen mit dem K\u00fcnstler an der Songauswahl, den Arrangements und definiere den klanglichen Charakter des Projekts. Ich biete L\u00f6sungen innerhalb des Budgets um einen Song ein Album oder einen Soundtrack zu produzieren.<\/span>[\/vc_column_text][\/qode_elements_holder_item][\/qode_elements_holder][\/vc_column][\/vc_row][vc_row css_animation=&#8221;&#8221; row_type=&#8221;row&#8221; use_row_as_full_screen_section=&#8221;no&#8221; type=&#8221;full_width&#8221; angled_section=&#8221;no&#8221; text_align=&#8221;left&#8221; background_image_as_pattern=&#8221;without_pattern&#8221; z_index=&#8221;&#8221; el_class=&#8221;custom_reverse_order_768&#8243; css=&#8221;.vc_custom_1551971239155{margin-right: -25px !important;margin-left: -25px !important;}&#8221;][vc_column css=&#8221;.vc_custom_1549635752072{padding-right: 20px !important;padding-left: 20px !important;}&#8221;][qode_elements_holder number_of_columns=&#8221;two_columns&#8221; switch_to_one_column=&#8221;768&#8243;][qode_elements_holder_item vertical_alignment=&#8221;top&#8221; horizontal_alignment=&#8221;left&#8221; advanced_animations=&#8221;no&#8221; background_color=&#8221;#aabfbc&#8221; item_padding=&#8221;40px 40px 40px 40px&#8221;][vc_column_text css=&#8221;.vc_custom_1529328569322{padding-bottom: 20px !important;}&#8221;]<\/p>\n<p style=\"text-align: center;\"><img decoding=\"async\" loading=\"lazy\" class=\"size-full wp-image-2370 aligncenter\" src=\"https:\/\/tschernuth.com\/de\/wp-content\/uploads\/2013\/02\/recording.png\" alt=\"recording\" width=\"50\" height=\"50\" \/><\/p>\n<p>[\/vc_column_text][vc_column_text css=&#8221;.vc_custom_1529334150848{padding-bottom: 30px !important;}&#8221;]<\/p>\n<h2 style=\"text-align: center;\">RECORDING<\/h2>\n<p>[\/vc_column_text][vc_column_text el_class=&#8221;my_black_link&#8221;]<span style=\"text-align: center; color: #000000;\">In meinem Studio arbeite ich mit analogem Vintage Equipment im Zusammenspiel mit den neuesten digitalen Interfaces. Ein einzigartiger Sound kann ein essentieller Teil der Aufnahme sein weshalb ich gerne seltene Mikros benutze, um eine klangliche F\u00e4rbung zu erreichen.<br \/>\nMehr Info auf <a style=\"color: #000000;\" href=\"https:\/\/tschernuth.com\/de\/studio-recording\/\" target=\"_blank\" rel=\"noopener noreferrer\"><em>Studio und Recording<\/em><\/a> Seite.<br \/>\n<\/span>[\/vc_column_text][\/qode_elements_holder_item][qode_elements_holder_item vertical_alignment=&#8221;top&#8221; horizontal_alignment=&#8221;left&#8221; advanced_animations=&#8221;no&#8221; background_color=&#8221;#7fa39d&#8221; item_padding=&#8221;40px 40px 40px 40px&#8221;][vc_column_text css=&#8221;.vc_custom_1529328581828{padding-bottom: 20px !important;}&#8221;]<\/p>\n<p style=\"text-align: center;\"><img decoding=\"async\" loading=\"lazy\" class=\"aligncenter size-full wp-image-2369\" src=\"https:\/\/tschernuth.com\/de\/wp-content\/uploads\/2013\/02\/mixing1.png\" alt=\"mixing\" width=\"50\" height=\"50\" \/><\/p>\n<p>[\/vc_column_text][vc_column_text css=&#8221;.vc_custom_1529334160438{padding-bottom: 30px !important;}&#8221;]<\/p>\n<h2 style=\"text-align: center;\">MIXING<\/h2>\n<p>[\/vc_column_text][vc_column_text el_class=&#8221;my_black_link&#8221;]<span style=\"text-align: center; color: #000000;\">Mischen hei\u00dft, die richtigen Dinge zur rechten Zeit ins Rampenlicht zu r\u00fccken. Es geht um die richtige Balance und darum das Arrangement zu unterst\u00fctzen. Ich arbeite eng mit <span class=\"hiddenSpellError\">Mastering<\/span> Spezialisten und das beste Resultat f\u00fcr die Ver\u00f6ffentlichung zu erreichen. Klangbeispiele gibt es hier: <a style=\"color: #000000;\" href=\"https:\/\/tschernuth.com\/de\/musik-bands\/\" target=\"_blank\" rel=\"noopener noreferrer\"><em>Musik f\u00fcr Bands<\/em><\/a>.<\/span>[\/vc_column_text][\/qode_elements_holder_item][\/qode_elements_holder][\/vc_column][\/vc_row][vc_row css_animation=&#8221;&#8221; row_type=&#8221;row&#8221; use_row_as_full_screen_section=&#8221;no&#8221; type=&#8221;full_width&#8221; angled_section=&#8221;no&#8221; text_align=&#8221;left&#8221; background_image_as_pattern=&#8221;without_pattern&#8221;][vc_column][vc_empty_space height=&#8221;50px&#8221;][\/vc_column][\/vc_row][vc_row css_animation=&#8221;&#8221; row_type=&#8221;row&#8221; use_row_as_full_screen_section=&#8221;no&#8221; type=&#8221;full_width&#8221; angled_section=&#8221;no&#8221; text_align=&#8221;left&#8221; background_image_as_pattern=&#8221;without_pattern&#8221;][vc_column offset=&#8221;vc_hidden-sm vc_hidden-xs&#8221;][vc_empty_space height=&#8221;50px&#8221;][\/vc_column][\/vc_row][vc_row css_animation=&#8221;&#8221; row_type=&#8221;row&#8221; use_row_as_full_screen_section=&#8221;no&#8221; type=&#8221;grid&#8221; angled_section=&#8221;no&#8221; text_align=&#8221;center&#8221; background_image_as_pattern=&#8221;without_pattern&#8221; z_index=&#8221;&#8221;][vc_column]<a  itemprop=\"url\" href=\"\" target=\"_self\" data-hover-background-color='#ffffff' data-hover-border-color='#666666' data-hover-color='#000000' class=\"qbutton  big_large center default mybuttonborder\" style=\"color: #000000; border-color: #666666; font-style: normal; font-weight: 500; text-transform: uppercase; font-size: 20px; letter-spacing: 1px; margin: 0px 0px 20px 0px; border-radius: 0px;-moz-border-radius: 0px;-webkit-border-radius: 0px; background-color: #ffffff;\">Referenzen<\/a><div class='qode_carousels_holder clearfix'><div class='qode_carousels' data-number-of-visible-items=''><ul class='slides'><li class='item'><div class=\"carousel_item_holder\"><span class='first_image_holder '><img itemprop=\"image\" src=\"https:\/\/tschernuth.com\/de\/wp-content\/uploads\/2018\/08\/client-orf-220.png\" alt=\"carousel image\" \/><\/span><\/div><\/li><li class='item'><div class=\"carousel_item_holder\"><span class='first_image_holder '><img itemprop=\"image\" src=\"https:\/\/tschernuth.com\/de\/wp-content\/uploads\/2018\/08\/client-arte-220.png\" alt=\"carousel image\" \/><\/span><\/div><\/li><li class='item'><div class=\"carousel_item_holder\"><span class='first_image_holder '><img itemprop=\"image\" src=\"https:\/\/tschernuth.com\/de\/wp-content\/uploads\/2018\/08\/client-goretex-220.png\" alt=\"carousel image\" \/><\/span><\/div><\/li><li class='item'><div class=\"carousel_item_holder\"><span class='first_image_holder '><img itemprop=\"image\" src=\"https:\/\/tschernuth.com\/de\/wp-content\/uploads\/2018\/08\/client-stuttgart-220.png\" alt=\"carousel image\" \/><\/span><\/div><\/li><li class='item'><div class=\"carousel_item_holder\"><span class='first_image_holder '><img itemprop=\"image\" src=\"https:\/\/tschernuth.com\/de\/wp-content\/uploads\/2018\/08\/client-emi-220.png\" alt=\"carousel image\" \/><\/span><\/div><\/li><li class='item'><div class=\"carousel_item_holder\"><span class='first_image_holder '><img itemprop=\"image\" src=\"https:\/\/tschernuth.com\/de\/wp-content\/uploads\/2018\/08\/client-leipzig-220.png\" alt=\"carousel image\" \/><\/span><\/div><\/li><li class='item'><div class=\"carousel_item_holder\"><span class='first_image_holder '><img itemprop=\"image\" src=\"https:\/\/tschernuth.com\/de\/wp-content\/uploads\/2018\/08\/client-zdf-220.png\" alt=\"carousel image\" \/><\/span><\/div><\/li><li class='item'><div class=\"carousel_item_holder\"><span class='first_image_holder '><img itemprop=\"image\" src=\"https:\/\/tschernuth.com\/de\/wp-content\/uploads\/2018\/08\/client-magdeburg-220.png\" alt=\"carousel image\" \/><\/span><\/div><\/li><li class='item'><div class=\"carousel_item_holder\"><span class='first_image_holder '><img itemprop=\"image\" src=\"https:\/\/tschernuth.com\/de\/wp-content\/uploads\/2018\/08\/client-linz-220.png\" alt=\"carousel image\" \/><\/span><\/div><\/li><li class='item'><div class=\"carousel_item_holder\"><span class='first_image_holder '><img itemprop=\"image\" src=\"https:\/\/tschernuth.com\/de\/wp-content\/uploads\/2018\/08\/client-dortmund-220.png\" alt=\"carousel image\" \/><\/span><\/div><\/li><li class='item'><div class=\"carousel_item_holder\"><span class='first_image_holder '><img itemprop=\"image\" src=\"https:\/\/tschernuth.com\/de\/wp-content\/uploads\/2018\/08\/client-swr-220.png\" alt=\"carousel image\" \/><\/span><\/div><\/li><li class='item'><div class=\"carousel_item_holder\"><span class='first_image_holder '><img itemprop=\"image\" src=\"https:\/\/tschernuth.com\/de\/wp-content\/uploads\/2018\/08\/client-wdr-220.png\" alt=\"carousel image\" \/><\/span><\/div><\/li><li class='item'><div class=\"carousel_item_holder\"><span class='first_image_holder '><img itemprop=\"image\" src=\"https:\/\/tschernuth.com\/de\/wp-content\/uploads\/2020\/09\/client-ted-ed-220.png\" alt=\"carousel image\" \/><\/span><\/div><\/li><\/ul><\/div><\/div>[\/vc_column][\/vc_row][vc_row css_animation=&#8221;&#8221; row_type=&#8221;row&#8221; use_row_as_full_screen_section=&#8221;no&#8221; type=&#8221;full_width&#8221; angled_section=&#8221;no&#8221; text_align=&#8221;left&#8221; background_image_as_pattern=&#8221;without_pattern&#8221;][vc_column][vc_empty_space height=&#8221;50px&#8221;][\/vc_column][\/vc_row][vc_row css_animation=&#8221;&#8221; row_type=&#8221;row&#8221; use_row_as_full_screen_section=&#8221;no&#8221; type=&#8221;full_width&#8221; angled_section=&#8221;no&#8221; text_align=&#8221;left&#8221; background_image_as_pattern=&#8221;without_pattern&#8221;][vc_column offset=&#8221;vc_hidden-sm vc_hidden-xs&#8221;][vc_empty_space height=&#8221;50px&#8221;][\/vc_column][\/vc_row]<\/p>\n","protected":false},"excerpt":{"rendered":"<p>[vc_row css_animation=&#8221;&#8221; row_type=&#8221;row&#8221; use_row_as_full_screen_section=&#8221;no&#8221; type=&#8221;full_width&#8221; angled_section=&#8221;no&#8221; text_align=&#8221;left&#8221; background_image_as_pattern=&#8221;without_pattern&#8221; z_index=&#8221;&#8221;][vc_column][qode_elements_holder number_of_columns=&#8221;one_column&#8221; alignment_one_column=&#8221;center&#8221;][qode_elements_holder_item vertical_alignment=&#8221;top&#8221; horizontal_alignment=&#8221;center&#8221; advanced_animations=&#8221;no&#8221; item_padding=&#8221;0px&#8230;<\/p>\n","protected":false},"author":1,"featured_media":0,"parent":0,"menu_order":0,"comment_status":"closed","ping_status":"closed","template":"","meta":{"_links_to":"","_links_to_target":""},"_links":{"self":[{"href":"https:\/\/tschernuth.com\/de\/wp-json\/wp\/v2\/pages\/1267"}],"collection":[{"href":"https:\/\/tschernuth.com\/de\/wp-json\/wp\/v2\/pages"}],"about":[{"href":"https:\/\/tschernuth.com\/de\/wp-json\/wp\/v2\/types\/page"}],"author":[{"embeddable":true,"href":"https:\/\/tschernuth.com\/de\/wp-json\/wp\/v2\/users\/1"}],"replies":[{"embeddable":true,"href":"https:\/\/tschernuth.com\/de\/wp-json\/wp\/v2\/comments?post=1267"}],"version-history":[{"count":171,"href":"https:\/\/tschernuth.com\/de\/wp-json\/wp\/v2\/pages\/1267\/revisions"}],"predecessor-version":[{"id":6369,"href":"https:\/\/tschernuth.com\/de\/wp-json\/wp\/v2\/pages\/1267\/revisions\/6369"}],"wp:attachment":[{"href":"https:\/\/tschernuth.com\/de\/wp-json\/wp\/v2\/media?parent=1267"}],"curies":[{"name":"wp","href":"https:\/\/api.w.org\/{rel}","templated":true}]}}