{"id":2555,"date":"2015-09-14T22:15:50","date_gmt":"2015-09-14T22:15:50","guid":{"rendered":"http:\/\/moonrecords.org\/tpress\/?page_id=2555"},"modified":"2019-04-15T09:53:53","modified_gmt":"2019-04-15T09:53:53","slug":"studio-recording","status":"publish","type":"page","link":"https:\/\/tschernuth.com\/de\/studio-recording\/","title":{"rendered":"Studio und Recording"},"content":{"rendered":"<p>[vc_row css_animation=&#8221;&#8221; row_type=&#8221;row&#8221; use_row_as_full_screen_section=&#8221;no&#8221; type=&#8221;full_width&#8221; angled_section=&#8221;no&#8221; text_align=&#8221;left&#8221; background_image_as_pattern=&#8221;without_pattern&#8221; background_color=&#8221;#ffffff&#8221; z_index=&#8221;&#8221;][vc_column][qode_elements_holder number_of_columns=&#8221;one_column&#8221;][qode_elements_holder_item item_padding=&#8221;30px 0px 50px 0px&#8221; advanced_animations=&#8221;no&#8221; item_padding_1280_1440=&#8221;30px 0px 50px 0px&#8221; item_padding_1024_1280=&#8221;30px 0px 50px 0px&#8221; item_padding_768_1024=&#8221;30px 0px 50px 0px&#8221; item_padding_600_768=&#8221;30px 10px 40px 10px&#8221; item_padding_480_600=&#8221;30px 10px 30px 10px&#8221; item_padding_480=&#8221;30px 10px 30px 10px&#8221;][vc_column_text]<\/p>\n<h1 style=\"text-align: center;\">Studio und Recording<\/h1>\n<p>[\/vc_column_text][\/qode_elements_holder_item][\/qode_elements_holder][\/vc_column][\/vc_row][vc_row css_animation=&#8221;&#8221; row_type=&#8221;row&#8221; use_row_as_full_screen_section=&#8221;no&#8221; type=&#8221;grid&#8221; angled_section=&#8221;no&#8221; text_align=&#8221;left&#8221; background_image_as_pattern=&#8221;without_pattern&#8221; background_color=&#8221;#ffffff&#8221; z_index=&#8221;&#8221;][vc_column][vc_column_text]Wenn du Musik aufnehmen willst, kann ich abh\u00e4ngig von den Anforderungen des Projekts und dem Budget, 3 M\u00f6glichkeiten anbieten.<br \/>\nEntweder mit mobilem Equipment an einem Ort deiner Wahl, in meinem eigenen Studio oder in einem gro\u00dfen Studio in Berlin. Mein Studio besteht aus zwei akustisch optimierten Aufnahmer\u00e4umen in Berlin \/ Neuk\u00f6lln. Es ist perfekt f\u00fcr Singer-Songwriter, <span class=\"hiddenSpellError\">Overdub<\/span> Sessions und Sprachaufnahmen. F\u00fcr Produktionen mit gr\u00f6\u00dferen Bands buche ich ein externes Studio, um alle Musiker gleichzeitig aufzunehmen. Der Aufnahmeprozess richtet sich nach den Anforderungen des Projekts und wird mit den\/m K\u00fcnstler(n) abgestimmt.[\/vc_column_text][vc_empty_space height=&#8221;50px&#8221;][vc_row_inner row_type=&#8221;row&#8221; type=&#8221;full_width&#8221; text_align=&#8221;left&#8221; css_animation=&#8221;&#8221;][vc_column_inner width=&#8221;1\/3&#8243; css=&#8221;.vc_custom_1553712398759{padding-bottom: 35px !important;}&#8221; offset=&#8221;vc_col-lg-4 vc_col-md-4 vc_col-xs-12&#8243;]<div class=\"qode-info-card\">\n\t\t\t<div class=\"qode-info-card-image\" style=\"background-color:#fff\">\n\t\t\t<img src=\"https:\/\/tschernuth.com\/de\/wp-content\/uploads\/2019\/03\/recording-location-berlin-tschernuth.jpg\" alt=\"\" \/>\n\t\t<\/div>\n\t\t<div class=\"qode-info-card-text-holder\" style=\"background-color:#fff\">\n\t\t\t\t\t<h3 class=\"qode-info-card-title\" >\n\t\t\t\tMobile Aufnahmen\t\t\t<\/h3>\n\t\t\t\t\t\t\t<p class=\"qode-info-card-text\" >\n\t\t\t\tAufnahme von bis zu zw\u00f6lf Spuren mit mobilem Equipment. Halten Sie den einzigartigen Sound des Ortes fest, an dem sie Musik machen wollen. 8-Spur Aufnahmen m\u00f6glich ohne Stromanbindung (Natur, H\u00f6hlen, etc.).\t\t\t<\/p>\n\t\t\t<\/div>\n\t<\/div>[\/vc_column_inner][vc_column_inner width=&#8221;1\/3&#8243; css=&#8221;.vc_custom_1553712407364{padding-bottom: 35px !important;}&#8221; offset=&#8221;vc_col-lg-4 vc_col-md-4 vc_col-xs-12&#8243;]<div class=\"qode-info-card\">\n\t\t\t<div class=\"qode-info-card-image\" style=\"background-color:#fff\">\n\t\t\t<img src=\"https:\/\/tschernuth.com\/de\/wp-content\/uploads\/2019\/03\/recording-room-berlin-tschernuth.jpg\" alt=\"\" \/>\n\t\t<\/div>\n\t\t<div class=\"qode-info-card-text-holder\" style=\"background-color:#fff\">\n\t\t\t\t\t<h3 class=\"qode-info-card-title\" >\n\t\t\t\tMein Studio\t\t\t<\/h3>\n\t\t\t\t\t\t\t<p class=\"qode-info-card-text\" >\n\t\t\t\tMeine schallgesch\u00fctzten, akustisch optimierten Aufnahmer\u00e4ume sind perfekt f\u00fcr Singer-Songwriter, kleine Bands, Sprecher und Overdub Sessions. Klaviere, R\u00f6hrenamps, Gitarren, B\u00e4sse und andere Vintage-Juwelen stehen zur Auswahl.\t\t\t<\/p>\n\t\t\t<\/div>\n\t<\/div>[\/vc_column_inner][vc_column_inner width=&#8221;1\/3&#8243; css=&#8221;.vc_custom_1553712417137{padding-bottom: 35px !important;}&#8221; offset=&#8221;vc_col-lg-4 vc_col-md-4 vc_col-xs-12&#8243;]<div class=\"qode-info-card\">\n\t\t\t<div class=\"qode-info-card-image\" style=\"background-color:#fff\">\n\t\t\t<img src=\"https:\/\/tschernuth.com\/de\/wp-content\/uploads\/2019\/03\/recording-studio-berlin-tschernuth.jpg\" alt=\"\" \/>\n\t\t<\/div>\n\t\t<div class=\"qode-info-card-text-holder\" style=\"background-color:#fff\">\n\t\t\t\t\t<h3 class=\"qode-info-card-title\" >\n\t\t\t\tExternes Studio\t\t\t<\/h3>\n\t\t\t\t\t\t\t<p class=\"qode-info-card-text\" >\n\t\t\t\tMehrere Berliner Studios sind Partner, um den besten Ort f\u00fcr ihr Projekt auszuw\u00e4hlen. Bands nehme ich gerne live auf, um die volle Dynamik festzuhalten. Einige Instrumente ben\u00f6tigen einen gro\u00dfen Raum um ``gro\u00df`` zu klingen.\t\t\t<\/p>\n\t\t\t<\/div>\n\t<\/div>[\/vc_column_inner][\/vc_row_inner][\/vc_column][\/vc_row][vc_row css_animation=&#8221;&#8221; row_type=&#8221;row&#8221; use_row_as_full_screen_section=&#8221;no&#8221; type=&#8221;full_width&#8221; angled_section=&#8221;no&#8221; text_align=&#8221;left&#8221; background_image_as_pattern=&#8221;without_pattern&#8221; background_color=&#8221;#ffffff&#8221; z_index=&#8221;&#8221;][vc_column][vc_empty_space height=&#8221;25px&#8221;][\/vc_column][\/vc_row][vc_row css_animation=&#8221;&#8221; row_type=&#8221;row&#8221; use_row_as_full_screen_section=&#8221;no&#8221; type=&#8221;grid&#8221; angled_section=&#8221;no&#8221; text_align=&#8221;left&#8221; background_image_as_pattern=&#8221;without_pattern&#8221; css=&#8221;.vc_custom_1549626176331{padding-top: 10px !important;padding-bottom: 10px !important;background-color: #aabfbc !important;}&#8221; z_index=&#8221;&#8221;][vc_column][qode_elements_holder number_of_columns=&#8221;three_columns&#8221; switch_to_one_column=&#8221;1000&#8243; alignment_one_column=&#8221;center&#8221;][qode_elements_holder_item item_padding=&#8221;30px 9px 32px 9px&#8221; vertical_alignment=&#8221;middle&#8221; horizontal_alignment=&#8221;center&#8221; advanced_animations=&#8221;no&#8221; item_padding_1280_1440=&#8221;0px 0px 0px 0px&#8221; item_padding_1024_1280=&#8221;0px 0px 0px 0px&#8221; item_padding_768_1024=&#8221;0px 120px 0px 120px&#8221; item_padding_600_768=&#8221;0px 100px 0px 100px&#8221; item_padding_480_600=&#8221;0px 30px 0px 30px&#8221; item_padding_480=&#8221;0px 0px 0px 0px&#8221; custom_class=&#8221;mypadding_zero&#8221;][vc_column_text css=&#8221;.vc_custom_1554358049374{margin-top: 20px !important;margin-right: 70px !important;margin-bottom: 20px !important;margin-left: 70px !important;background-color: #ffffff !important;}&#8221; el_class=&#8221;myborder_black&#8221;]<\/p>\n<p class=\"my_p_padding my_price_font\"><span style=\"text-align: center; color: #000000; font-weight: 600; letter-spacing: 1px; text-transform: uppercase;\">equipment<\/span><br \/>\n<span style=\"text-align: center; color: #000000; font-weight: 600; letter-spacing: 1px; text-transform: uppercase;\">&amp;<\/span><br \/>\n<span style=\"text-align: center; color: #000000; font-weight: 600; letter-spacing: 1px; text-transform: uppercase;\">Kosten<\/span><\/p>\n<p>[\/vc_column_text][\/qode_elements_holder_item][qode_elements_holder_item item_padding=&#8221;30px 9px 32px 9px&#8221; vertical_alignment=&#8221;top&#8221; horizontal_alignment=&#8221;center&#8221; advanced_animations=&#8221;no&#8221; item_padding_600_768=&#8221;10px 9px 10px 9px&#8221; item_padding_480_600=&#8221;10px 9px 10px 9px&#8221; item_padding_480=&#8221;10px 9px 10px 9px&#8221; custom_class=&#8221;myservice_table&#8221;]<div class='service_table_holder'><ul class='service_table_inner'><li class='service_table_title_holder background_color_type' style='background-color: #ffffff;'><div class='service_table_title_inner'><div class='service_table_title_inner2'><h3 class='service_title' style='color: #000000;'>My equipment<\/h3><\/div><\/div><\/li><li class='service_table_content' style='background-color: #ffffff;'><\/p>\n<ul>\n<li>Diverse akustische und elektrische Gitarren, E-B\u00e4sse und Kontrabass, Klavier und E-Piano stehen zur Auswahl.<\/li>\n<li>Weiters verwende ich analoge vintage Effekte, Synthesizer, Apple Macs, RME Interfaces, Mikrofone von Neumann\/Gefell, Golden Age Premier, AKG, DPA, Sennheiser, Shure und anderen.<\/li>\n<li>R\u00f6hren-Verst\u00e4rker, handgemachte R\u00f6hren Mikrofon Preamps und R\u00f6hrenhall von <a href=\"http:\/\/rerun-electronics.com\/\" target=\"_blank\" rel=\"noopener\">Rerun Electronics<\/a>.<\/li>\n<li>DAWs: Logic Pro X, Pro Tools 10 \/ 11 \/ 12, Ableton Live, Cubase Pro 9.5<\/li>\n<li><\/li>\n<li><\/li>\n<\/ul>\n<p><\/li><\/ul><\/div>[\/qode_elements_holder_item][qode_elements_holder_item item_padding=&#8221;30px 0px 32px 20px&#8221; vertical_alignment=&#8221;top&#8221; horizontal_alignment=&#8221;center&#8221; advanced_animations=&#8221;no&#8221; item_padding_768_1024=&#8221;30px 10px 32px 10px&#8221; item_padding_600_768=&#8221;20px 9px 20px 9px&#8221; item_padding_480_600=&#8221;20px 9px 20px 9px&#8221; item_padding_480=&#8221;20px 9px 20px 9px&#8221; custom_class=&#8221;myservice_table&#8221;]<div class='service_table_holder'><ul class='service_table_inner'><li class='service_table_title_holder background_color_type' style='background-color: #ffffff;'><div class='service_table_title_inner'><div class='service_table_title_inner2'><h3 class='service_title' style='color: #000000;'>Kosten<\/h3><\/div><\/div><\/li><li class='service_table_content' style='background-color: #ffffff;'><\/p>\n<ul>\n<li>Da jedes Projekt einzigartig ist, ist auch der Preis f\u00fcr Aufnahmen \/ Produktion abh\u00e4ngig von vielen Faktoren:<\/li>\n<li>Dazu geh\u00f6ren unter anderem die Arrangements, die Anzahl der Instrumente und Stimmen sowie die L\u00e4nge des Songs und die Studio-Erfahrung aller Beteiligten<\/li>\n<li>F\u00fcr einen Kostenvoranschlag sende mir in deiner Anfrage bitte soviel Informationen zu dem Projekt wie m\u00f6glich.<\/li>\n<li>Ich werde umgehend antworten.<\/li>\n<\/ul>\n<p><\/li><\/ul><\/div>[vc_empty_space height=&#8221;19px&#8221; css=&#8221;.vc_custom_1549626659532{background-color: #ffffff !important;}&#8221;][vc_column_text css=&#8221;.vc_custom_1554359061474{background-color: #ffffff !important;}&#8221;]<a  itemprop=\"url\" href=\"mailto:hello@tschernuth.com\" target=\"_self\"  class=\"qbutton  medium center default\" style=\"margin: 20 0 20 0; \">Anfrage senden<\/a>[\/vc_column_text][vc_empty_space height=&#8221;30px&#8221; css=&#8221;.vc_custom_1549555857813{background-color: #ffffff !important;}&#8221;][\/qode_elements_holder_item][\/qode_elements_holder][\/vc_column][\/vc_row][vc_row css_animation=&#8221;&#8221; row_type=&#8221;row&#8221; use_row_as_full_screen_section=&#8221;no&#8221; type=&#8221;grid&#8221; angled_section=&#8221;no&#8221; text_align=&#8221;left&#8221; background_image_as_pattern=&#8221;without_pattern&#8221; background_color=&#8221;#ffffff&#8221; z_index=&#8221;&#8221;][vc_column][vc_empty_space height=&#8221;60px&#8221;][vc_gallery type=&#8221;image_grid&#8221; images=&#8221;5322,5319,5317,5320,5318,5314&#8243; img_size=&#8221;370&#215;370&#8243; column_number=&#8221;3&#8243; grayscale=&#8221;no&#8221; images_space=&#8221;gallery_with_space&#8221;][\/vc_column][\/vc_row][vc_row css_animation=&#8221;&#8221; row_type=&#8221;row&#8221; use_row_as_full_screen_section=&#8221;no&#8221; type=&#8221;full_width&#8221; angled_section=&#8221;no&#8221; text_align=&#8221;left&#8221; background_image_as_pattern=&#8221;without_pattern&#8221;][vc_column][vc_empty_space height=&#8221;50px&#8221;][\/vc_column][\/vc_row][vc_row css_animation=&#8221;&#8221; row_type=&#8221;row&#8221; use_row_as_full_screen_section=&#8221;no&#8221; type=&#8221;full_width&#8221; angled_section=&#8221;no&#8221; text_align=&#8221;left&#8221; background_image_as_pattern=&#8221;without_pattern&#8221;][vc_column offset=&#8221;vc_hidden-sm vc_hidden-xs&#8221;][vc_empty_space height=&#8221;50px&#8221;][\/vc_column][\/vc_row]<\/p>\n","protected":false},"excerpt":{"rendered":"<p>[vc_row css_animation=&#8221;&#8221; row_type=&#8221;row&#8221; use_row_as_full_screen_section=&#8221;no&#8221; type=&#8221;full_width&#8221; angled_section=&#8221;no&#8221; text_align=&#8221;left&#8221; background_image_as_pattern=&#8221;without_pattern&#8221; background_color=&#8221;#ffffff&#8221; z_index=&#8221;&#8221;][vc_column][qode_elements_holder number_of_columns=&#8221;one_column&#8221;][qode_elements_holder_item item_padding=&#8221;30px 0px 50px 0px&#8221;&#8230;<\/p>\n","protected":false},"author":1,"featured_media":0,"parent":0,"menu_order":0,"comment_status":"open","ping_status":"closed","template":"full_width.php","meta":{"_links_to":"","_links_to_target":""},"_links":{"self":[{"href":"https:\/\/tschernuth.com\/de\/wp-json\/wp\/v2\/pages\/2555"}],"collection":[{"href":"https:\/\/tschernuth.com\/de\/wp-json\/wp\/v2\/pages"}],"about":[{"href":"https:\/\/tschernuth.com\/de\/wp-json\/wp\/v2\/types\/page"}],"author":[{"embeddable":true,"href":"https:\/\/tschernuth.com\/de\/wp-json\/wp\/v2\/users\/1"}],"replies":[{"embeddable":true,"href":"https:\/\/tschernuth.com\/de\/wp-json\/wp\/v2\/comments?post=2555"}],"version-history":[{"count":105,"href":"https:\/\/tschernuth.com\/de\/wp-json\/wp\/v2\/pages\/2555\/revisions"}],"predecessor-version":[{"id":6251,"href":"https:\/\/tschernuth.com\/de\/wp-json\/wp\/v2\/pages\/2555\/revisions\/6251"}],"wp:attachment":[{"href":"https:\/\/tschernuth.com\/de\/wp-json\/wp\/v2\/media?parent=2555"}],"curies":[{"name":"wp","href":"https:\/\/api.w.org\/{rel}","templated":true}]}}