{"id":4875,"date":"2019-01-24T16:35:20","date_gmt":"2019-01-24T16:35:20","guid":{"rendered":"http:\/\/moonrecords.org\/tpress\/?page_id=4875"},"modified":"2019-04-03T20:48:55","modified_gmt":"2019-04-03T20:48:55","slug":"gewalten","status":"publish","type":"page","link":"https:\/\/tschernuth.com\/de\/musik-theater\/gewalten\/","title":{"rendered":"Gewalten"},"content":{"rendered":"<p>[vc_row css_animation=&#8221;&#8221; row_type=&#8221;row&#8221; use_row_as_full_screen_section=&#8221;no&#8221; type=&#8221;full_width&#8221; angled_section=&#8221;no&#8221; text_align=&#8221;left&#8221; background_image_as_pattern=&#8221;without_pattern&#8221;][vc_column][qode_elements_holder number_of_columns=&#8221;one_column&#8221;][qode_elements_holder_item item_padding=&#8221;0px 0px 50px 0px&#8221; advanced_animations=&#8221;no&#8221; item_padding_1280_1440=&#8221;0px 0px 50px 0px&#8221; item_padding_1024_1280=&#8221;0px 0px 50px 0px&#8221; item_padding_768_1024=&#8221;0px 0px 50px 0px&#8221; item_padding_600_768=&#8221;0px 0px 20px 0px&#8221; item_padding_480_600=&#8221;0px 0px 0px 0px&#8221; item_padding_480=&#8221;0px 0px 0px 0px&#8221;][vc_column_text]<\/p>\n<h1 style=\"text-align: center;\">Musik f\u00fcr Theater<\/h1>\n<p>[\/vc_column_text][vc_separator type=&#8221;small&#8221; position=&#8221;center&#8221; color=&#8221;#000000&#8243; transparency=&#8221;0.5&#8243; thickness=&#8221;1&#8243; width=&#8221;100&#8243; up=&#8221;20&#8243; down=&#8221;20&#8243;][vc_column_text css=&#8221;.vc_custom_1548513375106{padding-bottom: 30px !important;}&#8221;]<\/p>\n<h2 style=\"text-align: center;\">2013 CENTRALTHEATER LEIPZIG<\/h2>\n<p>[\/vc_column_text][\/qode_elements_holder_item][\/qode_elements_holder][\/vc_column][\/vc_row][vc_row css_animation=&#8221;&#8221; row_type=&#8221;row&#8221; use_row_as_full_screen_section=&#8221;no&#8221; type=&#8221;full_width&#8221; angled_section=&#8221;no&#8221; text_align=&#8221;left&#8221; background_image_as_pattern=&#8221;without_pattern&#8221; z_index=&#8221;&#8221;][vc_column offset=&#8221;vc_col-lg-12 vc_col-md-12 vc_col-xs-12&#8243;][qode_elements_holder number_of_columns=&#8221;two_columns&#8221; switch_to_one_column=&#8221;1000&#8243; alignment_one_column=&#8221;left&#8221;][qode_elements_holder_item item_padding=&#8221;0px 20px 0px 0px&#8221; vertical_alignment=&#8221;top&#8221; horizontal_alignment=&#8221;left&#8221; advanced_animations=&#8221;no&#8221; item_padding_1280_1440=&#8221;0px 20px 0px 0px&#8221; item_padding_1024_1280=&#8221;0px 20px 0px 0px&#8221; item_padding_768_1024=&#8221;0px 0px 0px 0px&#8221; item_padding_600_768=&#8221;0px 0px 0px 0px&#8221; item_padding_480_600=&#8221;0px 0px 0px 0px&#8221; item_padding_480=&#8221;0px 0px 0px 0px&#8221; custom_class=&#8221;mypadding_right&#8221;][vc_single_image image=&#8221;4876&#8243; img_size=&#8221;full&#8221; qode_css_animation=&#8221;&#8221; el_class=&#8221;mycenteralign&#8221;][\/qode_elements_holder_item][qode_elements_holder_item item_padding=&#8221;0px 0px 0px 20px&#8221; vertical_alignment=&#8221;middle&#8221; horizontal_alignment=&#8221;left&#8221; advanced_animations=&#8221;no&#8221; item_padding_1280_1440=&#8221;0px 0px 0px 20px&#8221; item_padding_1024_1280=&#8221;0px 0px 0px 20px&#8221; item_padding_768_1024=&#8221;20px 0px 0px 0px&#8221; item_padding_600_768=&#8221;20px 0px 0px 0px&#8221; item_padding_480_600=&#8221;20px 0px 0px 0px&#8221; item_padding_480=&#8221;20px 0px 0px 0px&#8221; custom_class=&#8221;mypadding&#8221;][vc_column_text]<\/p>\n<p style=\"text-align: left;\"><span style=\"font-weight: 600; font-size: 17px; letter-spacing: 1px; color: #000000; line-height: 40px;\">&#8220;Gewalten&#8221;<\/span><br \/>\nAls Musik von Gewalten w\u00e4hlte Regisseur Sascha Hawemann einige Songs meiner Band EAR. F\u00fcr das Theaterst\u00fcck wurden dann neue, instrumentale Versionen angefertigt und ge-remixt. Die Auff\u00fchrungen von Gewalten waren 2013 Teil von Sebastian Hartmann&#8217;s Leipziger Festspiele 2013<\/p>\n<p>&nbsp;<\/p>\n<p style=\"text-align: left;\">Autor: Clemens Meyer<br \/>\nRegie: Sascha Hawemann<br \/>\nB\u00fchne: Wolf Gutjahr<br \/>\nDiverse Auff\u00fchrungen w\u00e4hrend der \u201cLeipziger Festspiele&#8221; in 2013.<\/p>\n<p>[\/vc_column_text][\/qode_elements_holder_item][\/qode_elements_holder][\/vc_column][\/vc_row][vc_row css_animation=&#8221;&#8221; row_type=&#8221;row&#8221; use_row_as_full_screen_section=&#8221;no&#8221; type=&#8221;full_width&#8221; angled_section=&#8221;no&#8221; text_align=&#8221;left&#8221; background_image_as_pattern=&#8221;without_pattern&#8221;][vc_column][qode_elements_holder number_of_columns=&#8221;one_column&#8221;][qode_elements_holder_item item_padding=&#8221;0px 0px 50px 0px&#8221; advanced_animations=&#8221;no&#8221; item_padding_1280_1440=&#8221;0px 0px 50px 0px&#8221; item_padding_1024_1280=&#8221;0px 0px 50px 0px&#8221; item_padding_768_1024=&#8221;0px 0px 0px 0px&#8221; item_padding_600_768=&#8221;0px 0px 0px 0px&#8221; item_padding_480_600=&#8221;0px 0px 0px 0px&#8221; item_padding_480=&#8221;0px 0px 0px 0px&#8221;][vc_empty_space height=&#8221;50px&#8221;][\/qode_elements_holder_item][\/qode_elements_holder][\/vc_column][\/vc_row][vc_row css_animation=&#8221;&#8221; row_type=&#8221;row&#8221; use_row_as_full_screen_section=&#8221;no&#8221; type=&#8221;full_width&#8221; angled_section=&#8221;no&#8221; text_align=&#8221;left&#8221; background_image_as_pattern=&#8221;without_pattern&#8221;][vc_column offset=&#8221;vc_hidden-lg vc_hidden-md vc_col-xs-12&#8243;][vc_separator type=&#8221;small&#8221; position=&#8221;center&#8221; color=&#8221;#e8e8e8&#8243; thickness=&#8221;1&#8243; width=&#8221;50&#8243; width_in_percentages=&#8221;yes&#8221;][\/vc_column][\/vc_row][vc_row css_animation=&#8221;&#8221; row_type=&#8221;row&#8221; use_row_as_full_screen_section=&#8221;no&#8221; type=&#8221;full_width&#8221; angled_section=&#8221;no&#8221; text_align=&#8221;left&#8221; background_image_as_pattern=&#8221;without_pattern&#8221;][vc_column offset=&#8221;vc_col-lg-6 vc_col-md-6 vc_col-xs-12&#8243;][qode_elements_holder number_of_columns=&#8221;one_column&#8221;][qode_elements_holder_item item_padding=&#8221;0px 0px 10px 0px&#8221; advanced_animations=&#8221;no&#8221; item_padding_1280_1440=&#8221;0px 0px 10px 0px&#8221; item_padding_1024_1280=&#8221;0px 0px 10px 0px&#8221; item_padding_768_1024=&#8221;0px 0px 40px 0px&#8221; item_padding_600_768=&#8221;0px 0px 40px 0px&#8221; item_padding_480_600=&#8221;0px 0px 40px 0px&#8221; item_padding_480=&#8221;0px 0px 40px 0px&#8221;]<div class='testimonials_c_holder clearfix '><div class=\"testimonials_c testimonials_c_carousel\" data-show-navigation=\"no\" data-animation-speed=\"\" data-auto-rotate-slides=\"0\" data-number-per-slide=\"1\"><ul class=\"slides\"><li id=\"testimonials-c-4877\" class=\"testimonial_content\"><div class=\"testimonial_content_inner\"><div class=\"testimonial_title_holder\"><h5>Leipziger Volksblatt<\/h5><\/div><div class=\"testimonial_text_holder\"><div class=\"testimonial_text_inner\" style=\"color: #666666;\"><p style='font-size:15px;color:#666666;'>\"Ein einziges Vergn\u00fcgen sind Sarah Franke und Janine Kre\u00df, sind Edgar Eckert, G\u00fcnther Harder, Christian Kuchenbuch und Ingolf M\u00fcller-Beck. Die Sechs, mit denen gemeinsam sich ein zufrieden wirkender Autor Clemens Meyer nach zwei kurzweiligen Stunden vor begeistertem Publikum verbeugt.\"<\/p><p class=\"testimonial_author\" style=\"color: #666666;font-weight: 400;color: #666666;font-size: 13px;\">2013<\/p><\/div><\/div><\/div><\/li><\/ul><\/div><\/div>[\/qode_elements_holder_item][\/qode_elements_holder][\/vc_column][vc_column offset=&#8221;vc_col-lg-6 vc_col-md-6 vc_col-xs-12&#8243;][vc_raw_html]JTNDaWZyYW1lJTIwc3JjJTNEJTIyaHR0cHMlM0ElMkYlMkZ3LnNvdW5kY2xvdWQuY29tJTJGcGxheWVyJTJGJTNGdXJsJTNEaHR0cHMlMjUzQSUyRiUyRmFwaS5zb3VuZGNsb3VkLmNvbSUyRnBsYXlsaXN0cyUyRjY5NDY5MDM2NSUyNmFtcCUzQmNvbG9yJTNENzI5NDkwJTI2YW1wJTNCYXV0b19wbGF5JTNEZmFsc2UlMjZhbXAlM0JoaWRlX3JlbGF0ZWQlM0RmYWxzZSUyNmFtcCUzQiUyNmFtcCUzQnNob3dfcGxheWNvdW50JTNEZmFsc2UlMjZhbXAlM0JzaG93X2NvbW1lbnRzJTNEdHJ1ZSUyNmFtcCUzQnNob3dfdXNlciUzRHRydWUlMjZhbXAlM0JzaG93X3JlcG9zdHMlM0RmYWxzZSUyMiUyMHdpZHRoJTNEJTIyMTAwJTI1JTIyJTIwaGVpZ2h0JTNEJTIyMzAwJTIyJTIwZnJhbWVib3JkZXIlM0QlMjJubyUyMiUyMHNjcm9sbGluZyUzRCUyMm5vJTIyJTNFJTNDJTJGaWZyYW1lJTNF[\/vc_raw_html][\/vc_column][\/vc_row][vc_row css_animation=&#8221;&#8221; row_type=&#8221;row&#8221; use_row_as_full_screen_section=&#8221;no&#8221; type=&#8221;full_width&#8221; angled_section=&#8221;no&#8221; text_align=&#8221;left&#8221; background_image_as_pattern=&#8221;without_pattern&#8221;][vc_column][qode_elements_holder number_of_columns=&#8221;one_column&#8221;][qode_elements_holder_item item_padding=&#8221;0px 0px 40px 0px&#8221; advanced_animations=&#8221;no&#8221; item_padding_1280_1440=&#8221;0px 0px 40px 0px&#8221; item_padding_1024_1280=&#8221;0px 0px 40px 0px&#8221; item_padding_768_1024=&#8221;0px 0px 0px 0px&#8221; item_padding_600_768=&#8221;0px 0px 0px 0px&#8221; item_padding_480_600=&#8221;0px 0px 0px 0px&#8221; item_padding_480=&#8221;0px 0px 0px 0px&#8221;][vc_empty_space height=&#8221;50px&#8221;][\/qode_elements_holder_item][\/qode_elements_holder][\/vc_column][\/vc_row][vc_row css_animation=&#8221;&#8221; row_type=&#8221;row&#8221; use_row_as_full_screen_section=&#8221;no&#8221; type=&#8221;full_width&#8221; angled_section=&#8221;no&#8221; text_align=&#8221;left&#8221; background_image_as_pattern=&#8221;without_pattern&#8221;][vc_column][vc_gallery type=&#8221;image_grid&#8221; images=&#8221;4880,4894,4882,4890&#8243; img_size=&#8221;370&#215;370&#8243; column_number=&#8221;4&#8243; grayscale=&#8221;no&#8221; images_space=&#8221;gallery_with_space&#8221;][\/vc_column][\/vc_row][vc_row css_animation=&#8221;&#8221; row_type=&#8221;row&#8221; use_row_as_full_screen_section=&#8221;no&#8221; type=&#8221;full_width&#8221; angled_section=&#8221;no&#8221; text_align=&#8221;left&#8221; background_image_as_pattern=&#8221;without_pattern&#8221;][vc_column][vc_empty_space height=&#8221;25px&#8221;][vc_separator type=&#8221;normal&#8221; color=&#8221;#e8e8e8&#8243; thickness=&#8221;1&#8243;][vc_empty_space height=&#8221;28px&#8221;][\/vc_column][\/vc_row][vc_row css_animation=&#8221;&#8221; row_type=&#8221;row&#8221; use_row_as_full_screen_section=&#8221;no&#8221; type=&#8221;full_width&#8221; angled_section=&#8221;no&#8221; text_align=&#8221;center&#8221; background_image_as_pattern=&#8221;without_pattern&#8221; z_index=&#8221;&#8221;][vc_column]<a  itemprop=\"url\" href=\"https:\/\/tschernuth.com\/de\/musik-theater\/wir-sind-nicht-das-ende-2014\/\" target=\"_self\" data-hover-background-color='#49635d'  class=\"qbutton  default mylargebutton_left\" style=\"font-size: 22px; margin: 0px 2px 10px 2px; background-color: #729490;\"><i class=\"qode_icon_font_awesome fa fa-angle-left qode_button_icon_element\" style=\"color: #ffffff;\" ><\/i><\/a><a  itemprop=\"url\" href=\"https:\/\/tschernuth.com\/de\/musik-theater\/\" target=\"_self\"  class=\"qbutton  medium default\" style=\"margin: 0px 10px 10px 10px; \">\u00dcbersicht<\/a><a  itemprop=\"url\" href=\"https:\/\/tschernuth.com\/de\/musik-theater\/wir-sind-nicht-das-ende-2012\/\" target=\"_self\" data-hover-background-color='#49635d'  class=\"qbutton  default mylargebutton\" style=\"font-size: 22px; margin: 0px 2px 10px 2px; background-color: #729490;\"><i class=\"qode_icon_font_awesome fa fa-angle-right qode_button_icon_element\" style=\"color: #ffffff;\" ><\/i><\/a>[\/vc_column][\/vc_row][vc_row css_animation=&#8221;&#8221; row_type=&#8221;row&#8221; use_row_as_full_screen_section=&#8221;no&#8221; type=&#8221;full_width&#8221; angled_section=&#8221;no&#8221; text_align=&#8221;left&#8221; background_image_as_pattern=&#8221;without_pattern&#8221;][vc_column][vc_empty_space height=&#8221;28px&#8221;][\/vc_column][\/vc_row]<\/p>\n","protected":false},"excerpt":{"rendered":"<p>[vc_row css_animation=&#8221;&#8221; row_type=&#8221;row&#8221; use_row_as_full_screen_section=&#8221;no&#8221; type=&#8221;full_width&#8221; angled_section=&#8221;no&#8221; text_align=&#8221;left&#8221; background_image_as_pattern=&#8221;without_pattern&#8221;][vc_column][qode_elements_holder number_of_columns=&#8221;one_column&#8221;][qode_elements_holder_item item_padding=&#8221;0px 0px 50px 0px&#8221; advanced_animations=&#8221;no&#8221; item_padding_1280_1440=&#8221;0px&#8230;<\/p>\n","protected":false},"author":3,"featured_media":0,"parent":1951,"menu_order":0,"comment_status":"closed","ping_status":"closed","template":"","meta":{"_links_to":"","_links_to_target":""},"_links":{"self":[{"href":"https:\/\/tschernuth.com\/de\/wp-json\/wp\/v2\/pages\/4875"}],"collection":[{"href":"https:\/\/tschernuth.com\/de\/wp-json\/wp\/v2\/pages"}],"about":[{"href":"https:\/\/tschernuth.com\/de\/wp-json\/wp\/v2\/types\/page"}],"author":[{"embeddable":true,"href":"https:\/\/tschernuth.com\/de\/wp-json\/wp\/v2\/users\/3"}],"replies":[{"embeddable":true,"href":"https:\/\/tschernuth.com\/de\/wp-json\/wp\/v2\/comments?post=4875"}],"version-history":[{"count":22,"href":"https:\/\/tschernuth.com\/de\/wp-json\/wp\/v2\/pages\/4875\/revisions"}],"predecessor-version":[{"id":6172,"href":"https:\/\/tschernuth.com\/de\/wp-json\/wp\/v2\/pages\/4875\/revisions\/6172"}],"up":[{"embeddable":true,"href":"https:\/\/tschernuth.com\/de\/wp-json\/wp\/v2\/pages\/1951"}],"wp:attachment":[{"href":"https:\/\/tschernuth.com\/de\/wp-json\/wp\/v2\/media?parent=4875"}],"curies":[{"name":"wp","href":"https:\/\/api.w.org\/{rel}","templated":true}]}}